{"id":131,"date":"2025-12-05T14:07:45","date_gmt":"2025-12-05T14:07:45","guid":{"rendered":"https:\/\/ivcippcd.ipb.pt\/?page_id=131"},"modified":"2026-01-09T14:43:36","modified_gmt":"2026-01-09T14:43:36","slug":"como-chegar","status":"publish","type":"page","link":"https:\/\/ivcippcd.ipb.pt\/en\/como-chegar\/","title":{"rendered":"Venue"},"content":{"rendered":"<p><strong>GETTING TO MIRANDELA<\/strong><\/p>\n\n\n\n<p><strong>By plane:<\/strong><\/p>\n\n\n\n<p class=\"translation-block\">Sevenair connects to Vila Real or Bragan\u00e7a from Viseu, Cascais and Portim\u00e3o, with two daily flights. From Vila Real or Bragan\u00e7a it is then possible to rent a car or take a bus to Mirandela. More information:\u202fhttps:\/\/flysevenair.com\/en\/services\/airline\/<\/p>\n\n\n\n<p>For international flights, the nearest airport is Francisco S\u00e1 Carneiro Airport in Porto, from where you can take buses to Mirandela (see below), or rent a car.\nFrom Oviedo (OVD) it is possible to fly to Porto (OPO) with one stopover. There are direct flights from Madrid to Porto operated by several airline companies. The flight lasts approximately 1 hour and 15 minutes.\u202f Once at the Porto airport, you should take a bus to Mirandela. Companies such as Rede-Expressos and FlixBus offer this service. The bus ride from Porto airport to Mirandela takes approximately 2 to 3 hours.<\/p>\n\n\n\n<p><strong>By train:<\/strong><\/p>\n\n\n\n<p>Unfortunately, the Tua railway line has been deactivated. Coming from Spain, it is possible to take the high-speed train between Madrid and Zamora and from there go to Mirandela by rental car or bus.<\/p>\n\n\n\n<p><strong>By bus:<\/strong><\/p>\n\n\n\n<p>Alsa operates the route from Oviedo to Mirandela but generally requires a stopover. The total duration of the trip can vary, but is usually approximately 7 to 16 hours, depending on the connection. The bus departs from Oviedo Bus Station and arrives at Mirandela Bus Station.<\/p>\n\n\n\n<p>Alsa offers routes from Madrid to Mirandela. Depending on the time, there may be direct or one-stop trips. The duration of the trip is approximately 4 hours and 30 minutes to 5 hours and 30 minutes. Buses usually depart from Madrid South Bus Station.<br><\/p>\n\n\n\n<p>From Lisbon, Coimbra and Porto there are several connections by Rede-Expressos and Flixbus that stop in Mirandela. In fact, Flixbus has a direct daily connection between Porto Airport and Mirandela.<\/p>\n\n\n\n<p>The Mirandela Bus Station is a five-minute walk from EsACT-IPB.<br><br><\/p>\n\n\n\n<p class=\"translation-block\">Schedules and prices:\nhttps:\/\/rede-expressos.pt\/pt \nwww.flixbus.pt \nwww.alsa.com<\/p>\n\n\n\n<p><strong>By car:<\/strong><\/p>\n\n\n\n<p>The best options within Portugal are taking the A4 that starts from Porto and goes straight to Mirandela. The trip takes about 1h30 to 2h. It is also possible to come from the south, through Viseu, on the A24, and take the A4 near Vila Real, a journey that will take about 1h30.<\/p>\n\n\n\n<p>Coming from Spain, from Oviedo the distance is approximately 366km, and the estimated travel time is 3 hours and 48 minutes, depending on traffic conditions. The main route follows the A-66.&nbsp;<\/p>\n\n\n\n<p>The drive from Madrid to Mirandela is approximately 411 km and the estimated driving time is 4 hours and 16 minutes. The main route is via the A-6.<\/p>\n\n\n\n<p>Getting around Mirandela:<\/p>\n\n\n\n<p>Mirandela is a largely flat city, making it very easy to walk or cycle everywhere. There are taxis in the city, especially at the bus station near EsACT-IPB, and at the taxi rank at Parque do Imp\u00e9rio.<\/p>\n\n\n\n<p>There is a bus that makes the circuit of the main arteries of the city, whose stops and schedules can be found here:<\/p>\n\n\n\n<figure class=\"wp-block-embed\"><div class=\"wp-block-embed__wrapper\">\nhttps:\/\/www.cm-mirandela.pt\/pages\/1613\n<\/div><\/figure>\n\n\n\n<p><\/p>\n\n\n\n<p>The nearest EsACT-IPB stop is the Rua da For\u00e7a A\u00e9rea (Inatel).<\/p>","protected":false},"excerpt":{"rendered":"<p>COMO CHEGAR De avi\u00e3o: A Sevenair faz a liga\u00e7\u00e3o at\u00e9 Vila Real ou Bragan\u00e7a a partir de Viseu, Cascais e Portim\u00e3o, com dois voos di\u00e1rios. A partir de Vila Real ou Bragan\u00e7a \u00e9 depois poss\u00edvel alugar um carro, ou apanhar um autocarro at\u00e9 Mirandela. Mais informa\u00e7\u00f5es:&nbsp;https:\/\/flysevenair.com\/en\/services\/airline\/ Para voos internacionais, o aeroporto mais pr\u00f3ximo \u00e9 o &hellip; <\/p>","protected":false},"author":1,"featured_media":0,"parent":0,"menu_order":0,"comment_status":"closed","ping_status":"closed","template":"","meta":{"footnotes":""},"class_list":["post-131","page","type-page","status-publish","hentry"],"_links":{"self":[{"href":"https:\/\/ivcippcd.ipb.pt\/en\/wp-json\/wp\/v2\/pages\/131","targetHints":{"allow":["GET"]}}],"collection":[{"href":"https:\/\/ivcippcd.ipb.pt\/en\/wp-json\/wp\/v2\/pages"}],"about":[{"href":"https:\/\/ivcippcd.ipb.pt\/en\/wp-json\/wp\/v2\/types\/page"}],"author":[{"embeddable":true,"href":"https:\/\/ivcippcd.ipb.pt\/en\/wp-json\/wp\/v2\/users\/1"}],"replies":[{"embeddable":true,"href":"https:\/\/ivcippcd.ipb.pt\/en\/wp-json\/wp\/v2\/comments?post=131"}],"version-history":[{"count":2,"href":"https:\/\/ivcippcd.ipb.pt\/en\/wp-json\/wp\/v2\/pages\/131\/revisions"}],"predecessor-version":[{"id":158,"href":"https:\/\/ivcippcd.ipb.pt\/en\/wp-json\/wp\/v2\/pages\/131\/revisions\/158"}],"wp:attachment":[{"href":"https:\/\/ivcippcd.ipb.pt\/en\/wp-json\/wp\/v2\/media?parent=131"}],"curies":[{"name":"wp","href":"https:\/\/api.w.org\/{rel}","templated":true}]}}