{"id":27,"date":"2025-11-26T14:39:18","date_gmt":"2025-11-26T14:39:18","guid":{"rendered":"https:\/\/ivcippcd.ipb.pt\/?page_id=27"},"modified":"2026-04-07T12:40:03","modified_gmt":"2026-04-07T12:40:03","slug":"comissoes","status":"publish","type":"page","link":"https:\/\/ivcippcd.ipb.pt\/en\/comissoes\/","title":{"rendered":"Committees"},"content":{"rendered":"<p><strong>CHAIRS:<\/strong>\u00a0<\/p>\r\n<p>Bernadete Bittencourt,\u202fCITeD,\u00a0Bragan\u00e7a Polytechnic University\u00a0<\/p>\r\n<p>Cl\u00e1udia S. Costa,\u202f\u00a0CITeD,\u00a0Bragan\u00e7a Polytechnic University\u00a0<\/p>\r\n<p>S\u00f3nia Nogueira,\u202fUNIAG, Bragan\u00e7a Polytechnic University\u00a0<\/p>\r\n<p>Susana Ferreira dos Santos,\u00a0Bragan\u00e7a Polytechnic University<\/p>\r\n\r\n<p><strong>ORGANIZING COMMITTEE<\/strong><\/p>\r\n\r\n<p>Bernadete Bittencourt,\u202fCITeD,\u00a0Bragan\u00e7a Polytechnic University\u00a0<\/p>\r\n<p>Cl\u00e1udia S. Costa,\u202f\u00a0CITeD,\u00a0Bragan\u00e7a Polytechnic University\u00a0<\/p>\r\n<p>Clarisse Pais,\u202fBragan\u00e7a Polytechnic University\u00a0<\/p>\r\n<p>Jean\u00a0Mercereau,\u00a0CITeD, Bragan\u00e7a Polytechnic University\u00a0<\/p>\r\n<p>M\u00e1rcio Martins,\u202f\u00a0CITeD,\u00a0Instituto Polit\u00e9cnico de Bragan\u00e7a\u202f\u00a0<\/p>\r\n<p>Roberto Vaz,\u202fUNIAG,\u00a0Bragan\u00e7a Polytechnic University\u00a0<\/p>\r\n<p>S\u00f3nia Nogueira,\u202fUNIAG, Bragan\u00e7a Polytechnic University\u00a0<\/p>\r\n<p>Susana Ferreira dos Santos,\u00a0Bragan\u00e7a Polytechnic University\u00a0<\/p>\r\n\r\n<p><strong>COMISS\u00c3O CIENT\u00cdFICA\u00a0<\/strong><\/p>\r\n\r\n<p>Adriano Honorato de Souza, Federal Institute of Education, Science and Technology of Amazonas, Brazil<\/p>\r\n<p>Andr\u00e9 Ferreira, Fluminense Federal University, Brazil<\/p>\r\n<p>Anne Marie Thake, University of Malta, Malta<\/p>\r\n<p>Ant\u00f3nio F. Tavares, University of Minho, Portugal<\/p>\r\n<p>Bernadete Lourdes Bittencourt, CITeD, Bragan\u00e7a Polytechnic University, Portugal<\/p>\r\n<p>Bruno Costa, University of Beira Interior, Portugal<\/p>\r\n<p>Catarina Fernandes, UNIAG, Bragan\u00e7a Polytechnic University, Portugal<\/p>\r\n<p>Celia Berger, Marie &amp; Louis Pasteur University, France<\/p>\r\n<p>Christiane Tr\u00fce, Bremen University of Applied Sciences, Germany<\/p>\r\n<p>Cl\u00e1udia C. Costa, CITeD, Bragan\u00e7a Polytechnic University, Portugal<\/p>\r\n<p>Cristina Mesquita, CITeD, Bragan\u00e7a Polytechnic University, Portugal<\/p>\r\n<p>Domingo Bello Janeiro, University of A Coru\u00f1a, Spain<\/p>\r\n<p>Elisabete Morais, UNIAG, Bragan\u00e7a Polytechnic University, Portugal<\/p>\r\n<p>Guillermo Antonio Lobos Villagra, Universidade Federal de S\u00e3o Carlos, Brasil<\/p>\r\n<p>Hidelbrando Rodrigues, Federal University of Amazonas, Brazil<\/p>\r\n<p>Hilda Alberton de Carvalho, Federal University of Technology \u2013 Paran\u00e1, Brazil<\/p>\r\n<p>Jean Mercereau, Bragan\u00e7a Polytechnic University, Portugal<\/p>\r\n<p>Jo\u00e3o Louren\u00e7o Marques, University of Aveiro, Portugal<\/p>\r\n<p>Jos\u00e9 Carlos Mota, University of Aveiro, Portugal<\/p>\r\n<p>Lu\u00eds Filipe Mota, CICP, University of Minho, Portugal<\/p>\r\n<p>Luk\u00e1\u0161 Vomlela, Silesian University in Opava, Czech Republic<\/p>\r\n<p>M\u00e1rcia Silva, CECS\/UM, University of Beira Interior, Portugal<\/p>\r\n<p>M\u00e1rcio Martins,\u202f\u00a0CITeD,\u00a0Instituto Polit\u00e9cnico de Bragan\u00e7a\u202f\u00a0<\/p>\r\n<p>M\u00e1rcio Moutinho Abdalla, Fluminense Federal University, Brazil<\/p>\r\n<p>Marco Paschoalotto, CICP, University of Minho, Portugal<\/p>\r\n<p>Mario Thomas Vassallo, University of Malta, Malta<\/p>\r\n<p>Miguel \u00c2ngelo Rodrigues, University of Minho, Portugal<\/p>\r\n<p>Monique Borges, University of Aveiro, Portugal<\/p>\r\n<p>Patr\u00edcia Silva, GOVCOPP, University of Aveiro, Portugal<\/p>\r\n<p>Paula Odete Fernandes, UNIAG, Bragan\u00e7a Polytechnic University, Portugal<\/p>\r\n<p>Paulo Carvalho, Oswaldo Cruz Foundation (Fiocruz), Brazil<\/p>\r\n<p>Pedro Correia, University of Coimbra, Portugal<\/p>\r\n<p>Ricardo Lobato Torres, Federal University of Paran\u00e1, Brazil<\/p>\r\n<p>Roberto Vaz, UNIAG, Bragan\u00e7a Polytechnic University, Portugal<\/p>\r\n<p>Rog\u00e9rio Allon Duenhas, Federal University of Technology \u2013 Paran\u00e1, Brazil<\/p>\r\n<p>Rute Couto, Bragan\u00e7a Polytechnic University, Portugal<\/p>\r\n<p>Sandra Cunha, C\u00e1vado and Ave Polytechnic University, Portugal<\/p>\r\n<p>S\u00f3nia P. Nogueira, UNIAG, Bragan\u00e7a Polytechnic University, Portugal<\/p>\r\n<p>Soraia Gon\u00e7alves, Polytechnic Institute of C\u00e1vado and Ave, Portugal<\/p>\r\n<p>Stela Raytcheva, University of Versailles Saint-Quentin-en-Yvelines, France<\/p>\r\n<p>Susana F. Santos, Bragan\u00e7a Polytechnic University, Portugal<\/p>\r\n<p>Tiina Randma-Liiv, Tallinn University of Technology, Estonia<\/p>\r\n<p>Tihana Cegur Radovi, Karlovac University of Applied Sciences, Croatia<\/p>\r\n\r\n<p><strong>VISUAL IDENTITY\u202f\u00a0<\/strong><\/p>\r\n\r\n<p>Ferdinando Silva, Bragan\u00e7a Polytechnic University\u00a0<\/p>\r\n\r\n<p><strong>WEBSITE DEVELOPMENT AND MAINTENANCE\u00a0\u00a0<\/strong><\/p>\r\n\r\n<p>Pedro Oliveira, Bragan\u00e7a Polytechnic University\u00a0<\/p>","protected":false},"excerpt":{"rendered":"<p>CHAIRS:\u00a0 Bernadete Bittencourt,\u202fCITeD,\u00a0Instituto Polit\u00e9cnico de Bragan\u00e7a\u202f\u00a0 Cl\u00e1udia S. Costa,\u202f\u00a0CITeD,\u00a0Instituto Polit\u00e9cnico de Bragan\u00e7a\u202f\u00a0 S\u00f3nia Nogueira,\u202fUNIAG,\u00a0Instituto Polit\u00e9cnico de Bragan\u00e7a\u202f\u00a0 Susana Ferreira dos Santos,\u00a0Instituto Polit\u00e9cnico de Bragan\u00e7a COMISS\u00c3O ORGANIZADORA Bernadete Bittencourt,\u202fCITeD,\u00a0Instituto Polit\u00e9cnico de Bragan\u00e7a\u202f\u00a0 Cl\u00e1udia S. Costa,\u202fCITeD,\u00a0Instituto Polit\u00e9cnico de Bragan\u00e7a\u202f\u00a0 Clarisse Pais,\u202fInstituto Polit\u00e9cnico de Bragan\u00e7a\u202f\u00a0 Jean\u00a0Mercereau,\u00a0CITeD, Instituto Polit\u00e9cnico de Bragan\u00e7a\u00a0 M\u00e1rcio Martins,\u202f\u00a0CITeD,\u00a0Instituto Polit\u00e9cnico de Bragan\u00e7a\u202f\u00a0 Roberto Vaz,\u202fUNIAG,\u00a0Instituto Polit\u00e9cnico &hellip; <\/p>","protected":false},"author":1,"featured_media":0,"parent":0,"menu_order":0,"comment_status":"closed","ping_status":"closed","template":"","meta":{"footnotes":""},"class_list":["post-27","page","type-page","status-publish","hentry"],"_links":{"self":[{"href":"https:\/\/ivcippcd.ipb.pt\/en\/wp-json\/wp\/v2\/pages\/27","targetHints":{"allow":["GET"]}}],"collection":[{"href":"https:\/\/ivcippcd.ipb.pt\/en\/wp-json\/wp\/v2\/pages"}],"about":[{"href":"https:\/\/ivcippcd.ipb.pt\/en\/wp-json\/wp\/v2\/types\/page"}],"author":[{"embeddable":true,"href":"https:\/\/ivcippcd.ipb.pt\/en\/wp-json\/wp\/v2\/users\/1"}],"replies":[{"embeddable":true,"href":"https:\/\/ivcippcd.ipb.pt\/en\/wp-json\/wp\/v2\/comments?post=27"}],"version-history":[{"count":28,"href":"https:\/\/ivcippcd.ipb.pt\/en\/wp-json\/wp\/v2\/pages\/27\/revisions"}],"predecessor-version":[{"id":285,"href":"https:\/\/ivcippcd.ipb.pt\/en\/wp-json\/wp\/v2\/pages\/27\/revisions\/285"}],"wp:attachment":[{"href":"https:\/\/ivcippcd.ipb.pt\/en\/wp-json\/wp\/v2\/media?parent=27"}],"curies":[{"name":"wp","href":"https:\/\/api.w.org\/{rel}","templated":true}]}}