{"id":29,"date":"2025-11-26T14:39:26","date_gmt":"2025-11-26T14:39:26","guid":{"rendered":"https:\/\/ivcippcd.ipb.pt\/?page_id=29"},"modified":"2026-04-02T21:51:31","modified_gmt":"2026-04-02T21:51:31","slug":"cfp","status":"publish","type":"page","link":"https:\/\/ivcippcd.ipb.pt\/en\/cfp\/","title":{"rendered":"CFP"},"content":{"rendered":"<p><strong>1. Date and venue<\/strong><\/p>\r\n\r\n\r\n\r\n<p class=\"translation-block\">The 4th Public Policy and Data Science International Conference will be held at the School of Public Management, Communication and Tourism of the Bragan\u00e7a Polytechnic University (EsACT-IPB), in the city of Mirandela, between 21 and 23 May 2026, in a hybrid format.<\/p>\r\n\r\n\r\n\r\n<p><strong>2. Organization<\/strong><\/p>\r\n\r\n\r\n\r\n<p>This event is jointly organized by the International Network of Research in Public Policy and Data Science and by the School of Public Management, Communication and Tourism of the Bragan\u00e7a Polytechnic University (EsACT-IPB).<\/p>\r\n\r\n\r\n\r\n<p><strong>3. Works and thematic areas<\/strong><\/p>\r\n\r\n\r\n\r\n<p class=\"translation-block\">The programme of the 4th Public Policy and Data Science International Conference includes plenary sessions, round tables, workshops and parallel session, and focuses on the topic of Territories and Societies in Network. Its main goal is to gather experts, researchers, professionals and decision-makers to promote reflection and debate about the challenges of planning and managing territories in the context of contemporary social, economic and environmental changes.<\/p>\r\n\r\n\r\n\r\n<p class=\"translation-block\">In an era marked by digital transition, the intensification of urban and regional dynamics, urban mobility, territorial inequalities and the growing interdependence between people, institutions and technologies, it is essential to understand how territories and societies form networks and how Data Science, new analysis methods and digital innovations may support fairer, more efficient and sustainable decisions.<\/p>\r\n\r\n\r\n\r\n<p><strong>Here are the main goals of this Conference:<\/strong><\/p>\r\n\r\n\r\n\r\n<ol class=\"wp-block-list\">\r\n<li class=\"translation-block\">To stimulate the debate around the social, economic, environmental and territorial dimensions that challenge local, regional and global contexts.<\/li>\r\n\r\n\r\n\r\n<li class=\"translation-block\">To promote the exchange of experiences between various scientific fields, and focus on the use of data and technologies to support technically informed, participative, transparent and consequent decision-making processes.<\/li>\r\n<\/ol>\r\n\r\n\r\n\r\n<p>&nbsp;<\/p>\r\n\r\n\r\n\r\n<p class=\"translation-block\">The thematic areas to be explored are, among others, the following:<\/p>\r\n\r\n\r\n\r\n<ol class=\"wp-block-list\" style=\"list-style-type: lower-alpha;\">\r\n<li>Intelligent and sustainable cities<\/li>\r\n\r\n\r\n\r\n<li>Communication, information and digital ecosystems<\/li>\r\n\r\n\r\n\r\n<li>Communities of practice and networks of pedagogical innovation<\/li>\r\n\r\n\r\n\r\n<li class=\"translation-block\">Open data and big data<\/li>\r\n\r\n\r\n\r\n<li class=\"translation-block\">Data mining and deep learning<\/li>\r\n\r\n\r\n\r\n<li>Urban and regional development<\/li>\r\n\r\n\r\n\r\n<li>Circular economy, sustainability and digital transition<\/li>\r\n\r\n\r\n\r\n<li>Education, health and digital and social inclusion<\/li>\r\n\r\n\r\n\r\n<li class=\"translation-block\">Governance and public policies<\/li>\r\n\r\n\r\n\r\n<li>Cultural and creative industries<\/li>\r\n\r\n\r\n\r\n<li>Infrastructures, transports and accessibility<\/li>\r\n\r\n\r\n\r\n<li class=\"translation-block\">Artificial intelligence and machine learning<\/li>\r\n\r\n\r\n\r\n<li>Models and methods in regional science<\/li>\r\n\r\n\r\n\r\n<li>Population, migration and labour market<\/li>\r\n\r\n\r\n\r\n<li>Territorial resilience and crisis management<\/li>\r\n\r\n\r\n\r\n<li>Decision support systems and data visualization<\/li>\r\n\r\n\r\n\r\n<li>Geographic information systems and localization<\/li>\r\n\r\n\r\n\r\n<li>Tourism, culture and network experiences<\/li>\r\n\r\n\r\n\r\n<li>Open session (other topics)<\/li>\r\n<\/ol>\r\n\r\n\r\n\r\n<p class=\"translation-block\">As usual, articles outside the main topic will be admitted provided they are related to the theme \u201cNetwork Territories and Societies\u201d.<\/p>\r\n\r\n\r\n\r\n<p>Considering the national and international scope of the conference, works may be written and presented in Portuguese, English or Spanish.<\/p>\r\n\r\n\r\n\r\n<p><strong>4. Important dates<\/strong><\/p>\r\n\r\n\r\n\r\n<p><strong>All authors must submit an extended abstract. The full paper may be sent after the notification of acceptance.<\/strong><\/p>\r\n\r\n\r\n\r\n<ul class=\"wp-block-list\">\r\n<li class=\"translation-block\"><strong>Submission of extended abstracts:<\/strong>\u00a0Until <del>27 february <\/del>22 March 2026<\/li>\r\n<\/ul>\r\n\r\n\r\n\r\n<ul class=\"wp-block-list\">\r\n<li class=\"translation-block\">Notification of acceptance: Until 31 March 2026<\/li>\r\n\r\n\r\n\r\n<li class=\"translation-block\">Deadline for sending the final version of the accepted abstracts: Until 15 April 2026<\/li>\r\n\r\n\r\n\r\n<li class=\"translation-block\">Deadline for sending the final papers (with accepted abstracts): Until 30 April 2026<\/li>\r\n\r\n\r\n\r\n<li class=\"translation-block\">Registration deadline for authors with accepted papers: Until 30 April 2026<\/li>\r\n<\/ul>\r\n\r\n\r\n\r\n<p>&nbsp;<\/p>\r\n\r\n\r\n\r\n<p><strong>5. Submission guidelines<\/strong><\/p>\r\n\r\n\r\n\r\n<p class=\"translation-block\">All works (detailed abstracts or full papers) must be submitted through the <a href=\"https:\/\/easychair.org\/conferences\/?conf=4cippcd\" target=\"_blank\">EasyChair<\/a>, platform according to the following rules:<\/p>\r\n\r\n\r\n\r\n<p>Papers must be submitted as a PDF file without any possible identification of the author(s), including in the file properties.<\/p>\r\n\r\n\r\n\r\n<p class=\"translation-block\">Works not submitted in English must include an English version of the title, abstract and keywords.<\/p>\r\n\r\n\r\n\r\n<p>The submitted works must follow the rules of the following templates:<\/p>\r\n\r\n\r\n\r\n<ul class=\"wp-block-list\">\r\n<li><a href=\"https:\/\/ivcippcd.ipb.pt\/wp-content\/uploads\/2026\/02\/Template_Extended_Abstract_IVCIPPCD.docx\" data-type=\"link\" data-id=\"https:\/\/ivcippcd.ipb.pt\/wp-content\/uploads\/files\/RESUMO_ALARGADO_Template_VCIPPCD_sn_bb.docx\">Detailed abstract template<\/a><\/li>\r\n\r\n\r\n\r\n<li><a href=\"https:\/\/ivcippcd.ipb.pt\/wp-content\/uploads\/files\/Artigo_Template_VCIPPCD_Rev-BB.docx\" data-type=\"link\" data-id=\"https:\/\/ivcippcd.ipb.pt\/wp-content\/uploads\/files\/Artigo_Template_VCIPPCD_Rev-BB.docx\">Paper template<\/a><\/li>\r\n<\/ul>\r\n\r\n\r\n\r\n<p>&nbsp;<\/p>\r\n\r\n\r\n\r\n<p class=\"translation-block\">The Organizing Committee assumes that the submission of papers is known and authorized by every author. Every paper must mention a corresponding author.<\/p>\r\n\r\n\r\n\r\n<p>No more than three extended abstracts or papers, original and not previously published, must be submitted by participant, either as a single author or in co-authorship.<\/p>\r\n\r\n\r\n\r\n<p><strong>6. Evaluation and notification<\/strong><\/p>\r\n\r\n\r\n\r\n<p class=\"translation-block\">Submitted abstracts will be evaluated by two members of the 4th Public Policy and Data Science International Conference Scientific Committee (double-blind refereeing process).<\/p>\r\n\r\n\r\n\r\n<p><a><strong>7. Conference registration<\/strong><\/a><\/p>\r\n\r\n\r\n\r\n<p>Papers will only be included in the 4th Public Policy and Data Science International Conference programme if the presenting author is duly registered by 30 April 2026. No more than two papers may be presented by the same participant.<\/p>\r\n\r\n\r\n\r\n<p class=\"translation-block\">Participants must complete their registration through the Conference website: https:\/\/ivcippcd.ipb.pt\/.<\/p>\r\n\r\n\r\n\r\n<p><strong>8. Publication of papers\u202f\u00a0<\/strong><\/p>\r\n\r\n\r\n\r\n<p class=\"translation-block\">All the papers included in the Conference programme will be published in the 4th Public Policy and Data Science International Conference proceedings, in digital format with ISBN.<\/p>\r\n\r\n\r\n\r\n<p><strong>9. \"Best paper award\u201d<\/strong><\/p>\r\n\r\n\r\n\r\n<p>A Comiss\u00e3o Cient\u00edfica da <strong>IV Confer\u00eancia Internacional de Pol\u00edticas P\u00fablicas e Ci\u00eancia de Dados<\/strong> atribuir\u00e1 o Pr\u00e9mio \u201c<strong>Melhor Resumo Alargado<\/strong>\u201d. O Pr\u00e9mio reconhece os resumos alargados que se destacam pela sua excel\u00eancia entre os pares e cujos autores se candidatam ao pr\u00e9mio.\u00a0<\/p>\r\n\r\n\r\n\r\n<p class=\"translation-block\">The winners of the \"Best Paper Award\u201d Award will receive a certificate in recognition of the quality of their research.<\/p>\r\n\r\n\r\n\r\n<p class=\"translation-block\">The \"Best Paper Award\u201d will be announced at the closing session and will be handed out to authors registered at the 4th Public Policy and Data Science International Conference.<\/p>","protected":false},"excerpt":{"rendered":"<p>1. Data e local A IV Confer\u00eancia Internacional de Pol\u00edticas P\u00fablicas e Ci\u00eancia de Dados realizar-se-\u00e1, de 21 a 23 de maio de 2026, na Escola Superior de Comunica\u00e7\u00e3o, Administra\u00e7\u00e3o e Turismo do Instituto Polit\u00e9cnico de Bragan\u00e7a (EsACT-IPB), na cidade de Mirandela, em formato h\u00edbrido. 2. Organiza\u00e7\u00e3o Este evento \u00e9 uma organiza\u00e7\u00e3o conjunta da Rede &hellip; <\/p>","protected":false},"author":1,"featured_media":0,"parent":0,"menu_order":0,"comment_status":"closed","ping_status":"closed","template":"","meta":{"footnotes":""},"class_list":["post-29","page","type-page","status-publish","hentry"],"_links":{"self":[{"href":"https:\/\/ivcippcd.ipb.pt\/en\/wp-json\/wp\/v2\/pages\/29","targetHints":{"allow":["GET"]}}],"collection":[{"href":"https:\/\/ivcippcd.ipb.pt\/en\/wp-json\/wp\/v2\/pages"}],"about":[{"href":"https:\/\/ivcippcd.ipb.pt\/en\/wp-json\/wp\/v2\/types\/page"}],"author":[{"embeddable":true,"href":"https:\/\/ivcippcd.ipb.pt\/en\/wp-json\/wp\/v2\/users\/1"}],"replies":[{"embeddable":true,"href":"https:\/\/ivcippcd.ipb.pt\/en\/wp-json\/wp\/v2\/comments?post=29"}],"version-history":[{"count":15,"href":"https:\/\/ivcippcd.ipb.pt\/en\/wp-json\/wp\/v2\/pages\/29\/revisions"}],"predecessor-version":[{"id":276,"href":"https:\/\/ivcippcd.ipb.pt\/en\/wp-json\/wp\/v2\/pages\/29\/revisions\/276"}],"wp:attachment":[{"href":"https:\/\/ivcippcd.ipb.pt\/en\/wp-json\/wp\/v2\/media?parent=29"}],"curies":[{"name":"wp","href":"https:\/\/api.w.org\/{rel}","templated":true}]}}