{"id":31,"date":"2025-11-26T14:39:40","date_gmt":"2025-11-26T14:39:40","guid":{"rendered":"https:\/\/ivcippcd.ipb.pt\/?page_id=31"},"modified":"2026-04-01T20:55:53","modified_gmt":"2026-04-01T20:55:53","slug":"inscricao","status":"publish","type":"page","link":"https:\/\/ivcippcd.ipb.pt\/en\/inscricao\/","title":{"rendered":"Registration"},"content":{"rendered":"<p>Registrations must be made through the following <a href=\"https:\/\/forms.gle\/Gyb4v4gFToTLe4zt9\" target=\"_blank\" rel=\"noopener\">form<\/a>.<\/p>\r\n\r\n\r\n\r\n<p class=\"translation-block\">After paying the registration fees, the proof of payment must be sent to ivcippcd@ipb.pt, mentioning the Easychair ID code in the subject line.<\/p>\r\n\r\n\r\n\r\n<figure class=\"wp-block-table\">\r\n<table class=\"has-fixed-layout\">\r\n<tbody>\r\n<tr>\r\n<td>\u00a0<\/td>\r\n<td><strong>UNTIL 15 APRIL<\/strong>\u00a0<\/td>\r\n<td><strong>AFTER 15 APRIL<\/strong>\u00a0<\/td>\r\n<\/tr>\r\n<tr>\r\n<td>Non-members of RP3CD<\/td>\r\n<td>\u20ac 125,00\u00a0<\/td>\r\n<td>\u20ac 150,00\u00a0<\/td>\r\n<\/tr>\r\n<tr>\r\n<td>Non-members of RP3CD (online)<\/td>\r\n<td>\u20ac 30,00\u00a0<\/td>\r\n<td>\u20ac 50,00\u00a0<\/td>\r\n<\/tr>\r\n<tr>\r\n<td>RP3CD members (presential)<\/td>\r\n<td>\u20ac 100,00\u00a0<\/td>\r\n<td>\u20ac 125,00\u00a0<\/td>\r\n<\/tr>\r\n<tr>\r\n<td>RP3CD members (online)<\/td>\r\n<td>\u20ac 25,00\u00a0<\/td>\r\n<td>\u20ac 45,00\u00a0<\/td>\r\n<\/tr>\r\n<tr>\r\n<td>Students face-to-face (must prove their registration in IES)\u00a0<\/td>\r\n<td>\u20ac 50,00\u00a0<\/td>\r\n<td>\u20ac 75,00\u00a0<\/td>\r\n<\/tr>\r\n<tr>\r\n<td>Students online (must prove their registration in IES)\u00a0<\/td>\r\n<td>\u20ac 25,00\u00a0<\/td>\r\n<td>\u20ac 50,00\u00a0<\/td>\r\n<\/tr>\r\n<\/tbody>\r\n<\/table>\r\n<\/figure>\r\n\r\n\r\n\r\n<ul class=\"wp-block-list\">\r\n<li><strong>Deadline for authors\u2019 registration: 30 April 2026<\/strong>\u00a0<\/li>\r\n<\/ul>\r\n\r\n\r\n\r\n<ul class=\"wp-block-list\">\r\n<li><strong>Deadline for other participants\u2019 registration: 8 May 2026<\/strong>\u00a0<\/li>\r\n<li>\r\n<h3>Workshop registrations open until May 12th.<\/h3>\r\n<\/li>\r\n<\/ul>\r\n\r\n\r\n\r\n<p>&nbsp;<\/p>\r\n\r\n\r\n\r\n<p class=\"translation-block\">Face-to-face participants will have access to plenary\/parallel sessions, round tables, coffee breaks and lunch on 22 and 23 May.<\/p>\r\n\r\n\r\n\r\n<p>Registered authors can present no more than two papers.\u00a0<\/p>\r\n\r\n\r\n\r\n<p>A Certificate of Communication or Participation will be given to all registered participants.\u00a0<\/p>\r\n\r\n\r\n\r\n<p><strong>Conference dinner (OPTIONAL)<\/strong>\u00a0<\/p>\r\n\r\n\r\n\r\n<p>22 May. Venue to be decided.\u00a0<\/p>\r\n\r\n\r\n\r\n<p>Price of the Conference dinner: 45 \u20ac\u00a0<\/p>\r\n\r\n\r\n\r\n<p>Registration for the Conference dinner can only be done after registration for the Conference. It is optional and limited to the number of available seats.\u00a0<\/p>\r\n\r\n\r\n\r\n<p class=\"translation-block\">Extra registration by email to ivcippcd@ipb.pt.<\/p>","protected":false},"excerpt":{"rendered":"<p>As inscri\u00e7\u00f5es devem ser feitas atrav\u00e9s do seguinte formul\u00e1rio. Ap\u00f3s o pagamento da inscri\u00e7\u00e3o, o comprovativo deve ser enviado para ivcippcd@ipb.pt, fazendo refer\u00eancia no assunto ao c\u00f3digo ID Easychair.\u00a0\u00a0 \u00a0 AT\u00c9 15 DE ABRIL\u00a0 AP\u00d3S 15 DE ABRIL\u00a0 N\u00e3o parceiros da RP3CD (presencial) \u20ac 125,00\u00a0 \u20ac 150,00\u00a0 N\u00e3o parceiros da RP3CD (online) \u20ac 30,00\u00a0 \u20ac &hellip; <\/p>","protected":false},"author":1,"featured_media":0,"parent":0,"menu_order":0,"comment_status":"closed","ping_status":"closed","template":"","meta":{"footnotes":""},"class_list":["post-31","page","type-page","status-publish","hentry"],"_links":{"self":[{"href":"https:\/\/ivcippcd.ipb.pt\/en\/wp-json\/wp\/v2\/pages\/31","targetHints":{"allow":["GET"]}}],"collection":[{"href":"https:\/\/ivcippcd.ipb.pt\/en\/wp-json\/wp\/v2\/pages"}],"about":[{"href":"https:\/\/ivcippcd.ipb.pt\/en\/wp-json\/wp\/v2\/types\/page"}],"author":[{"embeddable":true,"href":"https:\/\/ivcippcd.ipb.pt\/en\/wp-json\/wp\/v2\/users\/1"}],"replies":[{"embeddable":true,"href":"https:\/\/ivcippcd.ipb.pt\/en\/wp-json\/wp\/v2\/comments?post=31"}],"version-history":[{"count":12,"href":"https:\/\/ivcippcd.ipb.pt\/en\/wp-json\/wp\/v2\/pages\/31\/revisions"}],"predecessor-version":[{"id":274,"href":"https:\/\/ivcippcd.ipb.pt\/en\/wp-json\/wp\/v2\/pages\/31\/revisions\/274"}],"wp:attachment":[{"href":"https:\/\/ivcippcd.ipb.pt\/en\/wp-json\/wp\/v2\/media?parent=31"}],"curies":[{"name":"wp","href":"https:\/\/api.w.org\/{rel}","templated":true}]}}