{"id":7,"date":"2025-11-26T14:30:19","date_gmt":"2025-11-26T14:30:19","guid":{"rendered":"https:\/\/ivcippcd.ipb.pt\/?page_id=7"},"modified":"2026-04-14T10:47:01","modified_gmt":"2026-04-14T10:47:01","slug":"sobre","status":"publish","type":"page","link":"https:\/\/ivcippcd.ipb.pt\/en\/sobre\/","title":{"rendered":"About"},"content":{"rendered":"<p>Com o tema <strong>\u201cTerrit\u00f3rios e Sociedades em Rede\u201d<\/strong>, a Escola Superior de Comunica\u00e7\u00e3o, Administra\u00e7\u00e3o e Turismo do Instituto Polit\u00e9cnico de Bragan\u00e7a (EsACT-IPB) convida a participar na <strong>IV Confer\u00eancia Internacional de Pol\u00edticas P\u00fablicas e Ci\u00eancia de Dados<\/strong>, que se realizar\u00e1 de <strong>21 a 23 de maio de 2026, na EsACT-IPB, em formato h\u00edbrido (Mirandela e por videoconfer\u00eancia)<\/strong>.<\/p>\r\n\r\n\r\n\r\n<p class=\"translation-block\">The event is organised in partnership with the International Network of Research in Public Policy and Data Science and seeks to contribute to the design, implementation and evaluation of public policies that foster improved territorial and sectoral coordination, efficiency in resource management, environmental sustainability, social equity, and enhanced citizen participation in decision-making processes.<\/p>\r\n\r\n\r\n\r\n<p>The conference will bring together scholars, researchers and practitioners to debate the social, economic, environmental and territorial dimensions that shape both local and global contexts. It also aims to promote interdisciplinary exchange, highlighting the use of data and technology to support more participatory, transparent and evidence-informed decision-making processes.<\/p>\r\n\r\n\r\n\r\n<p class=\"translation-block\">The <strong>submission of papers<\/strong> is open until <strong><del>27 February <\/del> 22 March 2026<\/strong>.<\/p>\r\n\r\n\r\n\r\n<p><strong>Here are the main goals of this Conference:<\/strong><\/p>\r\n\r\n\r\n\r\n<ol class=\"wp-block-list\">\r\n<li class=\"translation-block\">To stimulate the debate around the social, economic, environmental and territorial dimensions that challenge local, regional and global contexts.<\/li>\r\n\r\n\r\n\r\n<li class=\"translation-block\">To promote the exchange of experiences between various scientific fields, and focus on the use of data and technologies to support technically informed, participative, transparent and consequent decision-making processes.<\/li>\r\n<\/ol>\r\n\r\n\r\n\r\n<p class=\"translation-block\">The thematic areas to be explored are, among others, the following:<\/p>\r\n\r\n\r\n\r\n<ol class=\"wp-block-list\" style=\"list-style-type: lower-alpha;\">\r\n<li>Intelligent and sustainable cities<\/li>\r\n\r\n\r\n\r\n<li>Communication, information and digital ecosystems<\/li>\r\n\r\n\r\n\r\n<li>Communities of practice and networks of pedagogical innovation<\/li>\r\n\r\n\r\n\r\n<li class=\"translation-block\">Open data and big data<\/li>\r\n\r\n\r\n\r\n<li class=\"translation-block\">Data mining and deep learning<\/li>\r\n\r\n\r\n\r\n<li>Urban and regional development<\/li>\r\n\r\n\r\n\r\n<li>Circular economy, sustainability and digital transition<\/li>\r\n\r\n\r\n\r\n<li>Education, health and digital and social inclusion<\/li>\r\n\r\n\r\n\r\n<li class=\"translation-block\">Governance and public policies<\/li>\r\n\r\n\r\n\r\n<li>Cultural and creative industries<\/li>\r\n\r\n\r\n\r\n<li>Infrastructures, transports and accessibility<\/li>\r\n\r\n\r\n\r\n<li class=\"translation-block\">Artificial intelligence and machine learning<\/li>\r\n\r\n\r\n\r\n<li>Models and methods in regional science<\/li>\r\n\r\n\r\n\r\n<li>Population, migration and labour market<\/li>\r\n\r\n\r\n\r\n<li>Territorial resilience and crisis management<\/li>\r\n\r\n\r\n\r\n<li>Decision support systems and data visualization<\/li>\r\n\r\n\r\n\r\n<li>Geographic information systems and localization<\/li>\r\n\r\n\r\n\r\n<li>Tourism, culture and network experiences<\/li>\r\n\r\n\r\n\r\n<li>Open session (other topics)<\/li>\r\n<\/ol>\r\n\r\n\r\n\r\n<p class=\"translation-block\">As usual, articles outside the main topic will be admitted provided they are related to the theme \u201cNetwork Territories and Societies\u201d.<\/p>\r\n<p>&nbsp;<\/p>\r\n<h2>Organiza\u00e7\u00e3o<\/h2>\r\n\r\n\r\n\r\n<p><img loading=\"lazy\" decoding=\"async\" class=\"alignnone wp-image-239 size-full\" src=\"https:\/\/ivcippcd.ipb.pt\/wp-content\/uploads\/2026\/02\/organizacao.jpg\" alt=\"\" width=\"2500\" height=\"1250\" srcset=\"https:\/\/ivcippcd.ipb.pt\/wp-content\/uploads\/2026\/02\/organizacao.jpg 2500w, https:\/\/ivcippcd.ipb.pt\/wp-content\/uploads\/2026\/02\/organizacao-300x150.jpg 300w, https:\/\/ivcippcd.ipb.pt\/wp-content\/uploads\/2026\/02\/organizacao-1024x512.jpg 1024w, https:\/\/ivcippcd.ipb.pt\/wp-content\/uploads\/2026\/02\/organizacao-768x384.jpg 768w, https:\/\/ivcippcd.ipb.pt\/wp-content\/uploads\/2026\/02\/organizacao-1536x768.jpg 1536w, https:\/\/ivcippcd.ipb.pt\/wp-content\/uploads\/2026\/02\/organizacao-2048x1024.jpg 2048w, https:\/\/ivcippcd.ipb.pt\/wp-content\/uploads\/2026\/02\/organizacao-18x9.jpg 18w\" sizes=\"auto, (max-width: 2500px) 100vw, 2500px\" \/><\/p>\r\n<p>&nbsp;<\/p>\r\n<h2>Patrocinadores<\/h2>\r\n<p><img loading=\"lazy\" decoding=\"async\" class=\"alignnone wp-image-238 size-full\" src=\"https:\/\/ivcippcd.ipb.pt\/wp-content\/uploads\/2026\/02\/patrocinadores.jpg\" alt=\"\" width=\"2500\" height=\"1250\" srcset=\"https:\/\/ivcippcd.ipb.pt\/wp-content\/uploads\/2026\/02\/patrocinadores.jpg 2500w, https:\/\/ivcippcd.ipb.pt\/wp-content\/uploads\/2026\/02\/patrocinadores-300x150.jpg 300w, https:\/\/ivcippcd.ipb.pt\/wp-content\/uploads\/2026\/02\/patrocinadores-1024x512.jpg 1024w, https:\/\/ivcippcd.ipb.pt\/wp-content\/uploads\/2026\/02\/patrocinadores-768x384.jpg 768w, https:\/\/ivcippcd.ipb.pt\/wp-content\/uploads\/2026\/02\/patrocinadores-1536x768.jpg 1536w, https:\/\/ivcippcd.ipb.pt\/wp-content\/uploads\/2026\/02\/patrocinadores-2048x1024.jpg 2048w, https:\/\/ivcippcd.ipb.pt\/wp-content\/uploads\/2026\/02\/patrocinadores-18x9.jpg 18w\" sizes=\"auto, (max-width: 2500px) 100vw, 2500px\" \/><\/p>","protected":false},"excerpt":{"rendered":"<p>Com o tema \u201cTerrit\u00f3rios e Sociedades em Rede\u201d, a Escola Superior de Comunica\u00e7\u00e3o, Administra\u00e7\u00e3o e Turismo do Instituto Polit\u00e9cnico de Bragan\u00e7a (EsACT-IPB) convida a participar na IV Confer\u00eancia Internacional de Pol\u00edticas P\u00fablicas e Ci\u00eancia de Dados, que se realizar\u00e1 de 21 a 23 de maio de 2026, na EsACT-IPB, em formato h\u00edbrido (Mirandela e por &hellip; <\/p>","protected":false},"author":1,"featured_media":0,"parent":0,"menu_order":0,"comment_status":"closed","ping_status":"closed","template":"","meta":{"footnotes":""},"class_list":["post-7","page","type-page","status-publish","hentry"],"_links":{"self":[{"href":"https:\/\/ivcippcd.ipb.pt\/en\/wp-json\/wp\/v2\/pages\/7","targetHints":{"allow":["GET"]}}],"collection":[{"href":"https:\/\/ivcippcd.ipb.pt\/en\/wp-json\/wp\/v2\/pages"}],"about":[{"href":"https:\/\/ivcippcd.ipb.pt\/en\/wp-json\/wp\/v2\/types\/page"}],"author":[{"embeddable":true,"href":"https:\/\/ivcippcd.ipb.pt\/en\/wp-json\/wp\/v2\/users\/1"}],"replies":[{"embeddable":true,"href":"https:\/\/ivcippcd.ipb.pt\/en\/wp-json\/wp\/v2\/comments?post=7"}],"version-history":[{"count":12,"href":"https:\/\/ivcippcd.ipb.pt\/en\/wp-json\/wp\/v2\/pages\/7\/revisions"}],"predecessor-version":[{"id":287,"href":"https:\/\/ivcippcd.ipb.pt\/en\/wp-json\/wp\/v2\/pages\/7\/revisions\/287"}],"wp:attachment":[{"href":"https:\/\/ivcippcd.ipb.pt\/en\/wp-json\/wp\/v2\/media?parent=7"}],"curies":[{"name":"wp","href":"https:\/\/api.w.org\/{rel}","templated":true}]}}