{"id":8,"date":"2025-11-26T14:30:19","date_gmt":"2025-11-26T14:30:19","guid":{"rendered":"https:\/\/ivcippcd.ipb.pt\/?page_id=8"},"modified":"2025-11-28T22:09:05","modified_gmt":"2025-11-28T22:09:05","slug":"contacto","status":"publish","type":"page","link":"https:\/\/ivcippcd.ipb.pt\/en\/contacto\/","title":{"rendered":"Submiss\u00e3o"},"content":{"rendered":"<p>\u00c1reas tem\u00e1ticas, datas importantes, instru\u00e7\u00f5es&nbsp;<\/p>\n\n\n\n<p><strong>Datas Importantes&nbsp;<\/strong>&nbsp;<\/p>\n\n\n\n<p>ver call for papers&nbsp;<\/p>","protected":false},"excerpt":{"rendered":"<p>\u00c1reas tem\u00e1ticas, datas importantes, instru\u00e7\u00f5es&nbsp; Datas Importantes&nbsp;&nbsp; ver call for papers&nbsp;<\/p>","protected":false},"author":1,"featured_media":0,"parent":0,"menu_order":0,"comment_status":"closed","ping_status":"closed","template":"","meta":{"footnotes":""},"class_list":["post-8","page","type-page","status-publish","hentry"],"_links":{"self":[{"href":"https:\/\/ivcippcd.ipb.pt\/en\/wp-json\/wp\/v2\/pages\/8","targetHints":{"allow":["GET"]}}],"collection":[{"href":"https:\/\/ivcippcd.ipb.pt\/en\/wp-json\/wp\/v2\/pages"}],"about":[{"href":"https:\/\/ivcippcd.ipb.pt\/en\/wp-json\/wp\/v2\/types\/page"}],"author":[{"embeddable":true,"href":"https:\/\/ivcippcd.ipb.pt\/en\/wp-json\/wp\/v2\/users\/1"}],"replies":[{"embeddable":true,"href":"https:\/\/ivcippcd.ipb.pt\/en\/wp-json\/wp\/v2\/comments?post=8"}],"version-history":[{"count":4,"href":"https:\/\/ivcippcd.ipb.pt\/en\/wp-json\/wp\/v2\/pages\/8\/revisions"}],"predecessor-version":[{"id":95,"href":"https:\/\/ivcippcd.ipb.pt\/en\/wp-json\/wp\/v2\/pages\/8\/revisions\/95"}],"wp:attachment":[{"href":"https:\/\/ivcippcd.ipb.pt\/en\/wp-json\/wp\/v2\/media?parent=8"}],"curies":[{"name":"wp","href":"https:\/\/api.w.org\/{rel}","templated":true}]}}